{"id":1543,"date":"2021-11-18T23:19:24","date_gmt":"2021-11-18T22:19:24","guid":{"rendered":"https:\/\/www.directpotager.fr\/blog\/?page_id=1543"},"modified":"2025-04-08T09:45:17","modified_gmt":"2025-04-08T07:45:17","slug":"box-jardinage","status":"publish","type":"page","link":"https:\/\/www.directpotager.fr\/blog\/box-jardinage\/","title":{"rendered":"BOX JARDINAGE"},"content":{"rendered":"\n<h1 class=\"wp-block-heading\"><strong>LA BOX JARDINAGE\u00a0<br>Cultivez vos d\u00e9licieux l\u00e9gumes bio toute l&#8217;ann\u00e9e<\/strong><\/h1>\n\n\n\n<p>L&#8217;essentiel pour jardiner &amp; les conseils d&#8217;un expert qui d\u00e9niche des graines potag\u00e8res \u00e9tonnantes, issues de l&#8217;agriculture biologique et reproductibles. V\u00e9ritable amoureux de la nature, il cultive et approuve en amont toutes les vari\u00e9t\u00e9s dans sa serre en Bretagne.<\/p>\n\n\n\n<h3 class=\"wp-block-heading\">Des graines bio et reproductibles<\/h3>\n\n\n\n<p>Toutes les graines proviennent de La Semence Bio, un sp\u00e9cialiste de la production de semences biologiques et reproductibles depuis 15 ans. Le catalogue est mis \u00e0 jour r\u00e9guli\u00e8rement pour proposer des l\u00e9gumes originaux, de saison, faciles \u00e0 cultiver.&nbsp;<br><strong>\u00c0 partir de 12,90 \u20ac \/mois<\/strong><\/p>\n\n\n\n<div class=\"wp-block-columns is-layout-flex wp-container-core-columns-is-layout-9d6595d7 wp-block-columns-is-layout-flex\">\n<div class=\"wp-block-column is-layout-flow wp-block-column-is-layout-flow\">\n<a target=\"_blank\" href=\"http:\/\/www.monpetitcoinvert.com\/#ae808-11\" rel=\"noopener\"><img decoding=\"async\" src=\"https:\/\/lb.affilae.com\/imp\/5a144e5fef412a610512595f\/617dbe8d52939f29c7647f1a\/5c0e3ba9e8face434d8b45e6\/https:\/\/s3-eu-west-1.amazonaws.com\/aeup\/uploads\/programs\/5a144e5fef412a610512595f\/elements\/5c0e3ba9e8face434d8b45e3.png\"><\/a>\n<\/div>\n\n\n\n<div class=\"wp-block-column is-layout-flow wp-block-column-is-layout-flow\">\n<a target=\"_blank\" href=\"http:\/\/www.monpetitcoinvert.com\/#ae808-11\" rel=\"noopener\"><img decoding=\"async\" src=\"https:\/\/lb.affilae.com\/imp\/5a144e5fef412a610512595f\/617dbe8d52939f29c7647f1a\/5c0e3ba9e8face434d8b45e6\/https:\/\/s3-eu-west-1.amazonaws.com\/aeup\/uploads\/programs\/5a144e5fef412a610512595f\/elements\/5c0e3ba9e8face434d8b45e3.png\"><\/a>\n<\/div>\n<\/div>\n\n\n\n<hr class=\"wp-block-separator\"\/>\n\n\n\n<h2 class=\"wp-block-heading\"><strong>D\u00c9COUVRIR AUSSI  &gt;&gt; <a href=\"https:\/\/wecandoo.fr\/ateliers?savoir-faire=8%7C%7CV%C3%A9g%C3%A9tal&amp;tags=90%7C%7CEnfants+et+famille&amp;clickID=446&amp;ae=446&amp;aev=DIRECTPOTAGER\" target=\"_blank\" rel=\"noreferrer noopener\">Les ateliers jardinage pour enfants<\/a> <\/strong><\/h2>\n\n\n\n<p><a href=\"https:\/\/wecandoo.fr\/ateliers?savoir-faire=8%7C%7CV%C3%A9g%C3%A9tal&amp;tags=90%7C%7CEnfants+et+famille&amp;clickID=446&amp;ae=446&amp;aev=DIRECTPOTAGER\" target=\"_blank\" rel=\"noreferrer noopener\">Les ateliers de jardinage<\/a>&nbsp;sont une bonne occasion de sensibiliser les enfants \u00e0 la nature. C\u2019est aussi un moment pour \u00e9voquer les enjeux de l\u2019\u00e9cologie et de l\u2019environnement.<\/p>\n\n\n\n<p>Ainsi, proposez leur un atelier cr\u00e9atif pendant les petites ou les grandes vacances ! Voici un petit tour d\u2019horizon des ateliers qui existent, avec au programme : d\u00e9couverte des plantes, des fruits ou de l\u00e9gumes initiation au jardinage et sensibilisation au respect de l\u2019environnement ! Aussi ces ateliers leur permettent de s\u2019impliquer dans la pr\u00e9servation et la protection de la nature.<\/p>\n\n\n\n<p>&gt;&gt; <a href=\"https:\/\/wecandoo.fr\/ateliers?savoir-faire=8%7C%7CV%C3%A9g%C3%A9tal&amp;tags=90%7C%7CEnfants+et+famille&amp;clickID=446&amp;ae=446&amp;aev=DIRECTPOTAGER\" target=\"_blank\" rel=\"noreferrer noopener\">EN SAVOIR PLUS<\/a><\/p>\n\n\n\n<div class=\"wp-block-image\"><figure class=\"aligncenter size-large is-resized\"><a href=\"https:\/\/wecandoo.fr\/ateliers?savoir-faire=8%7C%7CV%C3%A9g%C3%A9tal&amp;tags=90%7C%7CEnfants+et+famille&amp;clickID=446&amp;ae=446&amp;aev=DIRECTPOTAGER\" target=\"_blank\" rel=\"SPONSORED noopener\"><img loading=\"lazy\" decoding=\"async\" src=\"https:\/\/www.directpotager.fr\/blog\/wp-content\/uploads\/2023\/02\/atelier_jardinage_enfants-1024x535.jpg\" alt=\"atelier_jardinage\" class=\"wp-image-2797\" width=\"708\" height=\"369\" srcset=\"https:\/\/www.directpotager.fr\/blog\/wp-content\/uploads\/2023\/02\/atelier_jardinage_enfants-1024x535.jpg 1024w, https:\/\/www.directpotager.fr\/blog\/wp-content\/uploads\/2023\/02\/atelier_jardinage_enfants-300x157.jpg 300w, https:\/\/www.directpotager.fr\/blog\/wp-content\/uploads\/2023\/02\/atelier_jardinage_enfants-768x401.jpg 768w, https:\/\/www.directpotager.fr\/blog\/wp-content\/uploads\/2023\/02\/atelier_jardinage_enfants-110x57.jpg 110w, https:\/\/www.directpotager.fr\/blog\/wp-content\/uploads\/2023\/02\/atelier_jardinage_enfants-420x219.jpg 420w, https:\/\/www.directpotager.fr\/blog\/wp-content\/uploads\/2023\/02\/atelier_jardinage_enfants-770x402.jpg 770w, https:\/\/www.directpotager.fr\/blog\/wp-content\/uploads\/2023\/02\/atelier_jardinage_enfants.jpg 1200w\" sizes=\"auto, (max-width: 708px) 100vw, 708px\" \/><\/a><figcaption>ATELIER JARDINAGE POUR ENFANTS<\/figcaption><\/figure><\/div>\n\n\n\n<p><strong>LIRE AUSSI :<\/strong><\/p>\n\n\n\n<blockquote class=\"wp-block-quote is-layout-flow wp-block-quote-is-layout-flow\"><p><a href=\"https:\/\/www.directpotager.fr\/blog\/2024\/06\/20\/gerer-lirrigation-de-mon-potager-en-periode-de-secheresse\/\" target=\"_blank\" rel=\"noreferrer noopener\">G\u00e9rer l\u2019irrigation de mon potager en p\u00e9riode de s\u00e9cheresse<\/a><\/p><p><a href=\"https:\/\/www.directpotager.fr\/blog\/2019\/05\/08\/paillis-organiques-faciles-a-trouver\/\" target=\"_blank\" rel=\"noreferrer noopener\">Paillis organiques faciles \u00e0 trouver &amp; utile pour votre jardin<\/a><\/p><p><a href=\"https:\/\/fr.wikipedia.org\/wiki\/Eau_de_r%C3%A9tention#:~:text=L'eau%20de%20r%C3%A9tention%20comprend,'absorber%20(eau%20morte).\" target=\"_blank\" rel=\"noreferrer noopener\">Eau de r\u00e9tention<\/a><\/p><\/blockquote>\n\n\n\n<div class=\"wp-block-image\"><figure class=\"aligncenter size-full is-resized\"><a href=\"https:\/\/www.directpotager.fr\/c\/la-boutique-direct-potager-1\" target=\"_blank\" rel=\"noopener\"><img loading=\"lazy\" decoding=\"async\" src=\"https:\/\/www.directpotager.fr\/blog\/wp-content\/uploads\/2024\/06\/bannie\u0300re-boutique-Direct-Potager.jpg\" alt=\"\" class=\"wp-image-3743\" width=\"841\" height=\"104\" srcset=\"https:\/\/www.directpotager.fr\/blog\/wp-content\/uploads\/2024\/06\/bannie\u0300re-boutique-Direct-Potager.jpg 728w, https:\/\/www.directpotager.fr\/blog\/wp-content\/uploads\/2024\/06\/bannie\u0300re-boutique-Direct-Potager-300x37.jpg 300w, https:\/\/www.directpotager.fr\/blog\/wp-content\/uploads\/2024\/06\/bannie\u0300re-boutique-Direct-Potager-110x14.jpg 110w, https:\/\/www.directpotager.fr\/blog\/wp-content\/uploads\/2024\/06\/bannie\u0300re-boutique-Direct-Potager-420x52.jpg 420w\" sizes=\"auto, (max-width: 841px) 100vw, 841px\" \/><\/a><\/figure><\/div>\n\n\n\n<blockquote class=\"wp-block-quote has-text-align-center is-layout-flow wp-block-quote-is-layout-flow\"><p><meta charset=\"utf-8\"><\/p><\/blockquote>\n\n\n\n<hr class=\"wp-block-separator\"\/>\n\n\n\n<p class=\"has-light-green-cyan-background-color has-background\">box, box jardinage, box nature enfants, box enfants, box enfant, box no\u00ebl, box jardinage no\u00ebl, box saison, box activit\u00e9s nature, box jardinage&nbsp;et d\u00e9couverte, Box&nbsp;saisonni\u00e8re , Box&nbsp;cadeau, Abonnement mensuel BOX, <meta charset=\"utf-8\">Visite de ferme<\/p>\n","protected":false},"excerpt":{"rendered":"<p>LA BOX JARDINAGE\u00a0Cultivez vos d\u00e9licieux l\u00e9gumes bio toute l&#8217;ann\u00e9e L&#8217;essentiel pour jardiner &amp; les conseils d&#8217;un expert qui d\u00e9niche des graines potag\u00e8res \u00e9tonnantes, issues de l&#8217;agriculture biologique et reproductibles. V\u00e9ritable amoureux de la nature, il cultive et approuve en amont toutes les vari\u00e9t\u00e9s dans sa serre en Bretagne. Des graines bio et reproductibles Toutes les [&hellip;]<\/p>\n","protected":false},"author":1,"featured_media":1549,"parent":0,"menu_order":0,"comment_status":"closed","ping_status":"closed","template":"","meta":{"footnotes":""},"class_list":["post-1543","page","type-page","status-publish","has-post-thumbnail","hentry"],"yoast_head":"<!-- This site is optimized with the Yoast SEO plugin v27.1.1 - https:\/\/yoast.com\/product\/yoast-seo-wordpress\/ -->\n<title>BOX JARDINAGE - LE BLOG<\/title>\n<meta name=\"description\" content=\"D\u00e9couvrez notre s\u00e9lection de box jardinage et d\u00e9couverte qui plaira aux amoureux de la nature Des id\u00e9es cadeaux originales !\" \/>\n<meta name=\"robots\" content=\"index, follow, max-snippet:-1, max-image-preview:large, max-video-preview:-1\" \/>\n<link rel=\"canonical\" href=\"https:\/\/www.directpotager.fr\/blog\/box-jardinage\/\" \/>\n<meta property=\"og:locale\" content=\"fr_FR\" \/>\n<meta property=\"og:type\" content=\"article\" \/>\n<meta property=\"og:title\" content=\"BOX JARDINAGE BIO\" \/>\n<meta property=\"og:description\" content=\"Cultivez vos d\u00e9licieux l\u00e9gumes bio toute l\u2019ann\u00e9eL\u2019essentiel pour jardiner &amp; les conseils d\u2019un expert qui d\u00e9niche des graines potag\u00e8res \u00e9tonnantes, issues de l\u2019agriculture biologique et reproductibles. V\u00e9ritable amoureux de la nature, il cultive et approuve en amont toutes les vari\u00e9t\u00e9s dans sa serre en Bretagne.Des graines bio et reproductiblesToutes les graines proviennent de La Semence Bio, un sp\u00e9cialiste de la production de semences biologiques et reproductibles depuis 15 ans. Le catalogue est mis \u00e0 jour r\u00e9guli\u00e8rement pour proposer des l\u00e9gumes originaux, de saison, faciles \u00e0 cultiver.\" \/>\n<meta property=\"og:url\" content=\"https:\/\/www.directpotager.fr\/blog\/box-jardinage\/\" \/>\n<meta property=\"og:site_name\" content=\"LE BLOG\" \/>\n<meta property=\"article:publisher\" content=\"http:\/\/www.facebook.com\/directpotager\" \/>\n<meta property=\"article:modified_time\" content=\"2025-04-08T07:45:17+00:00\" \/>\n<meta property=\"og:image\" content=\"https:\/\/www.directpotager.fr\/blog\/wp-content\/uploads\/2021\/11\/5c0e3ba9e8face434d8b45e3.png\" \/>\n\t<meta property=\"og:image:width\" content=\"300\" \/>\n\t<meta property=\"og:image:height\" content=\"250\" \/>\n\t<meta property=\"og:image:type\" content=\"image\/png\" \/>\n<meta name=\"twitter:card\" content=\"summary_large_image\" \/>\n<meta name=\"twitter:title\" content=\"BOX JARDINAGE BIO\" \/>\n<meta name=\"twitter:image\" content=\"https:\/\/www.directpotager.fr\/blog\/wp-content\/uploads\/2021\/11\/5c0e3ba9e8face434d8b45e3.png\" \/>\n<meta name=\"twitter:site\" content=\"@dpotager\" \/>\n<meta name=\"twitter:label1\" content=\"Est. reading time\" \/>\n\t<meta name=\"twitter:data1\" content=\"2 minutes\" \/>\n<!-- \/ Yoast SEO plugin. -->","yoast_head_json":{"title":"BOX JARDINAGE - LE BLOG","description":"D\u00e9couvrez notre s\u00e9lection de box jardinage et d\u00e9couverte qui plaira aux amoureux de la nature Des id\u00e9es cadeaux originales !","robots":{"index":"index","follow":"follow","max-snippet":"max-snippet:-1","max-image-preview":"max-image-preview:large","max-video-preview":"max-video-preview:-1"},"canonical":"https:\/\/www.directpotager.fr\/blog\/box-jardinage\/","og_locale":"fr_FR","og_type":"article","og_title":"BOX JARDINAGE BIO","og_description":"Cultivez vos d\u00e9licieux l\u00e9gumes bio toute l\u2019ann\u00e9eL\u2019essentiel pour jardiner & les conseils d\u2019un expert qui d\u00e9niche des graines potag\u00e8res \u00e9tonnantes, issues de l\u2019agriculture biologique et reproductibles. V\u00e9ritable amoureux de la nature, il cultive et approuve en amont toutes les vari\u00e9t\u00e9s dans sa serre en Bretagne.Des graines bio et reproductiblesToutes les graines proviennent de La Semence Bio, un sp\u00e9cialiste de la production de semences biologiques et reproductibles depuis 15 ans. Le catalogue est mis \u00e0 jour r\u00e9guli\u00e8rement pour proposer des l\u00e9gumes originaux, de saison, faciles \u00e0 cultiver.","og_url":"https:\/\/www.directpotager.fr\/blog\/box-jardinage\/","og_site_name":"LE BLOG","article_publisher":"http:\/\/www.facebook.com\/directpotager","article_modified_time":"2025-04-08T07:45:17+00:00","og_image":[{"width":300,"height":250,"url":"https:\/\/www.directpotager.fr\/blog\/wp-content\/uploads\/2021\/11\/5c0e3ba9e8face434d8b45e3.png","type":"image\/png"}],"twitter_card":"summary_large_image","twitter_title":"BOX JARDINAGE BIO","twitter_image":"https:\/\/www.directpotager.fr\/blog\/wp-content\/uploads\/2021\/11\/5c0e3ba9e8face434d8b45e3.png","twitter_site":"@dpotager","twitter_misc":{"Est. reading time":"2 minutes"},"schema":{"@context":"https:\/\/schema.org","@graph":[{"@type":"WebPage","@id":"https:\/\/www.directpotager.fr\/blog\/box-jardinage\/","url":"https:\/\/www.directpotager.fr\/blog\/box-jardinage\/","name":"BOX JARDINAGE - LE BLOG","isPartOf":{"@id":"https:\/\/www.directpotager.fr\/blog\/#website"},"primaryImageOfPage":{"@id":"https:\/\/www.directpotager.fr\/blog\/box-jardinage\/#primaryimage"},"image":{"@id":"https:\/\/www.directpotager.fr\/blog\/box-jardinage\/#primaryimage"},"thumbnailUrl":"https:\/\/www.directpotager.fr\/blog\/wp-content\/uploads\/2021\/11\/5c0e3ba9e8face434d8b45e3.png","datePublished":"2021-11-18T22:19:24+00:00","dateModified":"2025-04-08T07:45:17+00:00","description":"D\u00e9couvrez notre s\u00e9lection de box jardinage et d\u00e9couverte qui plaira aux amoureux de la nature Des id\u00e9es cadeaux originales !","breadcrumb":{"@id":"https:\/\/www.directpotager.fr\/blog\/box-jardinage\/#breadcrumb"},"inLanguage":"fr-FR","potentialAction":[{"@type":"ReadAction","target":["https:\/\/www.directpotager.fr\/blog\/box-jardinage\/"]}]},{"@type":"ImageObject","inLanguage":"fr-FR","@id":"https:\/\/www.directpotager.fr\/blog\/box-jardinage\/#primaryimage","url":"https:\/\/www.directpotager.fr\/blog\/wp-content\/uploads\/2021\/11\/5c0e3ba9e8face434d8b45e3.png","contentUrl":"https:\/\/www.directpotager.fr\/blog\/wp-content\/uploads\/2021\/11\/5c0e3ba9e8face434d8b45e3.png","width":300,"height":250,"caption":"LA BOX JARDINAGE Cultivez vos d\u00e9licieux l\u00e9gumes bio toute l\u2019ann\u00e9e"},{"@type":"BreadcrumbList","@id":"https:\/\/www.directpotager.fr\/blog\/box-jardinage\/#breadcrumb","itemListElement":[{"@type":"ListItem","position":1,"name":"Home","item":"https:\/\/www.directpotager.fr\/blog\/"},{"@type":"ListItem","position":2,"name":"BOX JARDINAGE"}]},{"@type":"WebSite","@id":"https:\/\/www.directpotager.fr\/blog\/#website","url":"https:\/\/www.directpotager.fr\/blog\/","name":"LE BLOG","description":"Direct Potager - Direct Producteur","publisher":{"@id":"https:\/\/www.directpotager.fr\/blog\/#organization"},"potentialAction":[{"@type":"SearchAction","target":{"@type":"EntryPoint","urlTemplate":"https:\/\/www.directpotager.fr\/blog\/?s={search_term_string}"},"query-input":{"@type":"PropertyValueSpecification","valueRequired":true,"valueName":"search_term_string"}}],"inLanguage":"fr-FR"},{"@type":"Organization","@id":"https:\/\/www.directpotager.fr\/blog\/#organization","name":"LE BLOG","url":"https:\/\/www.directpotager.fr\/blog\/","logo":{"@type":"ImageObject","inLanguage":"fr-FR","@id":"https:\/\/www.directpotager.fr\/blog\/#\/schema\/logo\/image\/","url":"https:\/\/www.directpotager.fr\/blog\/wp-content\/uploads\/2021\/11\/cropped-logo-baseline-v3-LEBLOG.png","contentUrl":"https:\/\/www.directpotager.fr\/blog\/wp-content\/uploads\/2021\/11\/cropped-logo-baseline-v3-LEBLOG.png","width":350,"height":113,"caption":"LE BLOG"},"image":{"@id":"https:\/\/www.directpotager.fr\/blog\/#\/schema\/logo\/image\/"},"sameAs":["http:\/\/www.facebook.com\/directpotager","https:\/\/x.com\/dpotager","https:\/\/www.instagram.com\/directpotager\/?hl=fr"]}]}},"_links":{"self":[{"href":"https:\/\/www.directpotager.fr\/blog\/wp-json\/wp\/v2\/pages\/1543","targetHints":{"allow":["GET"]}}],"collection":[{"href":"https:\/\/www.directpotager.fr\/blog\/wp-json\/wp\/v2\/pages"}],"about":[{"href":"https:\/\/www.directpotager.fr\/blog\/wp-json\/wp\/v2\/types\/page"}],"author":[{"embeddable":true,"href":"https:\/\/www.directpotager.fr\/blog\/wp-json\/wp\/v2\/users\/1"}],"replies":[{"embeddable":true,"href":"https:\/\/www.directpotager.fr\/blog\/wp-json\/wp\/v2\/comments?post=1543"}],"version-history":[{"count":20,"href":"https:\/\/www.directpotager.fr\/blog\/wp-json\/wp\/v2\/pages\/1543\/revisions"}],"predecessor-version":[{"id":4015,"href":"https:\/\/www.directpotager.fr\/blog\/wp-json\/wp\/v2\/pages\/1543\/revisions\/4015"}],"wp:featuredmedia":[{"embeddable":true,"href":"https:\/\/www.directpotager.fr\/blog\/wp-json\/wp\/v2\/media\/1549"}],"wp:attachment":[{"href":"https:\/\/www.directpotager.fr\/blog\/wp-json\/wp\/v2\/media?parent=1543"}],"curies":[{"name":"wp","href":"https:\/\/api.w.org\/{rel}","templated":true}]}}