{"id":1576,"date":"2021-11-25T18:50:42","date_gmt":"2021-11-25T17:50:42","guid":{"rendered":"https:\/\/www.directpotager.fr\/blog\/?page_id=1576"},"modified":"2024-06-22T14:34:48","modified_gmt":"2024-06-22T12:34:48","slug":"graines-bio","status":"publish","type":"page","link":"https:\/\/www.directpotager.fr\/blog\/graines-bio\/","title":{"rendered":"GRAINES BIO"},"content":{"rendered":"\n<h1 class=\"wp-block-heading\">Commandez<strong> toutes vos graines bio et reproductibles chez notre partenaire &#8220;Permacool&#8221;<\/strong><\/h1>\n\n\n\n<p>D\u00e9couvrez toutes<strong> les vari\u00e9t\u00e9s de graines bio potag\u00e8res<\/strong>, aromatiques et fleurs.<\/p>\n\n\n\n<p>Tous les<strong> petits producteurs fran\u00e7ais <\/strong>certifi\u00e9s Ecocert AB fournissent <strong>les graines<\/strong>. Ils s\u00e9lectionnent des vari\u00e9t\u00e9s anciennes, locales et reproductibles pour leurs taux de germination \u00e9lev\u00e9s et leurs int\u00e9r\u00eats gustatifs. Ces <strong>producteurs fran\u00e7ais<\/strong>, qui partagent les m\u00eames valeurs, sont des amoureux du <strong>monde v\u00e9g\u00e9tal <\/strong>poss\u00e9dant un savoir-faire incomparable.<\/p>\n\n\n\n<p>Par ailleurs, les <strong>producteurs fran\u00e7ais <\/strong>ne traitent pas les <strong>graines biologiques. <\/strong>Cela signifie qu&#8217;ils sont eux-m\u00eames certifi\u00e9s &#8220;Agriculture biologique&#8221; et suivent des r\u00e8gles strictes pour<strong> cultiver l\u00e9gumes, fleurs et aromates. <\/strong>Ils n&#8217;utilisent pas d&#8217;engrais chimiques et<strong> luttent contre les bio agresseurs sans pesticides<\/strong>. Ainsi, choisir des<strong> graines bio,<\/strong> c&#8217;est favoriser des professionnels qui ont d\u00e9cid\u00e9 de ne pas lib\u00e9rer dans notre environnement des produits toxiques impactant la faune et la flore.<\/p>\n\n\n\n<p>Parmacool  propose des <strong><a href=\"https:\/\/www.monpetitcoinvert.com\/produits\/graines-bio#ae808&amp;aevDirectPotager\" target=\"_blank\" rel=\"noreferrer noopener\">graines bio et reproductibles<\/a>. <\/strong>En r\u00e9coltant les <strong>graines <\/strong>sur les <strong>l\u00e9gumes<\/strong> ou fleurs que vous aurez cultiv\u00e9s, vous pourrez les semer de nouveau l&#8217;ann\u00e9e suivante et retrouver les caract\u00e9ristiques des <strong>l\u00e9gumes r\u00e9colt\u00e9s.<\/strong> Cela pr\u00e9sente un int\u00e9r\u00eat financier puisque qu&#8217;un simple sachet <strong>de graines<\/strong> peut fournir <strong>des graines pour toute une vie de jardinage.<\/strong> <br><a href=\"https:\/\/www.monpetitcoinvert.com\/produits\/graines-bio#ae808&amp;aevDirectPotager\" target=\"_blank\" rel=\"noreferrer noopener\"><strong>Les graines reproductibles<\/strong><\/a> se distinguent des vari\u00e9t\u00e9s hybrides dites &#8220;F1&#8221;. Ces derni\u00e8res, modifi\u00e9es par un proc\u00e9d\u00e9 scientifique, cr\u00e9ent des l\u00e9gumes &#8220;standard&#8221;. La premi\u00e8re g\u00e9n\u00e9ration reste fid\u00e8le aux caract\u00e9ristiques recherch\u00e9es, mais la seconde g\u00e9n\u00e9ration ne produira pas les m\u00eames fruits, qui perdront en vigueur et en homog\u00e9n\u00e9it\u00e9. C\u2019est pourquoi il n\u2019y a pas d\u2019int\u00e9r\u00eat \u00e0 r\u00e9colter<strong> les graines<\/strong> d\u2019une vari\u00e9t\u00e9 F1 pour les ressemer l\u2019ann\u00e9e suivante.<\/p>\n\n\n\n<p><strong><a href=\"https:\/\/www.monpetitcoinvert.com\/produits\/graines-bio#ae808&amp;aevDirectPotager\" target=\"_blank\" rel=\"noreferrer noopener\">> D\u00c9COUVRIR TOUTES LES GRAINES BIO<\/a><\/strong><\/p>\n\n\n\n<div class=\"wp-block-columns is-layout-flex wp-container-core-columns-is-layout-9d6595d7 wp-block-columns-is-layout-flex\">\n<div class=\"wp-block-column is-layout-flow wp-block-column-is-layout-flow\">\n<div class=\"wp-block-image\"><figure class=\"aligncenter size-full\"><a href=\"https:\/\/www.monpetitcoinvert.com\/produits\/graines-bio#ae808&amp;aevDirectPotager\" target=\"_blank\" rel=\"noopener\"><img loading=\"lazy\" decoding=\"async\" width=\"150\" height=\"150\" src=\"https:\/\/www.directpotager.fr\/blog\/wp-content\/uploads\/2021\/11\/logo-1.png\" alt=\"Graines bio et reproductibles\" class=\"wp-image-1578\" srcset=\"https:\/\/www.directpotager.fr\/blog\/wp-content\/uploads\/2021\/11\/logo-1.png 150w, https:\/\/www.directpotager.fr\/blog\/wp-content\/uploads\/2021\/11\/logo-1-125x125.png 125w, https:\/\/www.directpotager.fr\/blog\/wp-content\/uploads\/2021\/11\/logo-1-110x110.png 110w\" sizes=\"auto, (max-width: 150px) 100vw, 150px\" \/><\/a><\/figure><\/div>\n<\/div>\n\n\n\n<div class=\"wp-block-column is-layout-flow wp-block-column-is-layout-flow\">\n<figure class=\"wp-block-image size-full\"><a href=\"https:\/\/www.monpetitcoinvert.com\/produits\/graines-bio#ae808&amp;aevDirectPotager\" target=\"_blank\" rel=\"noopener\"><img loading=\"lazy\" decoding=\"async\" width=\"300\" height=\"305\" src=\"https:\/\/www.directpotager.fr\/blog\/wp-content\/uploads\/2021\/11\/Capture-de\u0301cran-2021-11-26-a\u0300-16.43.27.jpg\" alt=\"Graines bio et reproductibles\" class=\"wp-image-1582\" srcset=\"https:\/\/www.directpotager.fr\/blog\/wp-content\/uploads\/2021\/11\/Capture-de\u0301cran-2021-11-26-a\u0300-16.43.27.jpg 300w, https:\/\/www.directpotager.fr\/blog\/wp-content\/uploads\/2021\/11\/Capture-de\u0301cran-2021-11-26-a\u0300-16.43.27-295x300.jpg 295w, https:\/\/www.directpotager.fr\/blog\/wp-content\/uploads\/2021\/11\/Capture-de\u0301cran-2021-11-26-a\u0300-16.43.27-108x110.jpg 108w\" sizes=\"auto, (max-width: 300px) 100vw, 300px\" \/><\/a><\/figure>\n<\/div>\n<\/div>\n\n\n\n<figure class=\"wp-block-image size-large\"><a href=\"https:\/\/www.monpetitcoinvert.com\/produits\/graines-bio#ae808&amp;aevDirectPotager\" target=\"_blank\" rel=\"noopener\"><img loading=\"lazy\" decoding=\"async\" width=\"1024\" height=\"806\" src=\"https:\/\/www.directpotager.fr\/blog\/wp-content\/uploads\/2021\/11\/Capture-de\u0301cran-2021-11-29-a\u0300-18.08.49-1024x806.png\" alt=\"Graines bio et reproductibles\" class=\"wp-image-1586\" srcset=\"https:\/\/www.directpotager.fr\/blog\/wp-content\/uploads\/2021\/11\/Capture-de\u0301cran-2021-11-29-a\u0300-18.08.49-1024x806.png 1024w, https:\/\/www.directpotager.fr\/blog\/wp-content\/uploads\/2021\/11\/Capture-de\u0301cran-2021-11-29-a\u0300-18.08.49-300x236.png 300w, https:\/\/www.directpotager.fr\/blog\/wp-content\/uploads\/2021\/11\/Capture-de\u0301cran-2021-11-29-a\u0300-18.08.49-768x604.png 768w, https:\/\/www.directpotager.fr\/blog\/wp-content\/uploads\/2021\/11\/Capture-de\u0301cran-2021-11-29-a\u0300-18.08.49-1536x1208.png 1536w, https:\/\/www.directpotager.fr\/blog\/wp-content\/uploads\/2021\/11\/Capture-de\u0301cran-2021-11-29-a\u0300-18.08.49-2048x1611.png 2048w, https:\/\/www.directpotager.fr\/blog\/wp-content\/uploads\/2021\/11\/Capture-de\u0301cran-2021-11-29-a\u0300-18.08.49-110x87.png 110w, https:\/\/www.directpotager.fr\/blog\/wp-content\/uploads\/2021\/11\/Capture-de\u0301cran-2021-11-29-a\u0300-18.08.49-420x330.png 420w, https:\/\/www.directpotager.fr\/blog\/wp-content\/uploads\/2021\/11\/Capture-de\u0301cran-2021-11-29-a\u0300-18.08.49-547x430.png 547w\" sizes=\"auto, (max-width: 1024px) 100vw, 1024px\" \/><\/a><\/figure>\n\n\n\n<p>> D\u00e9couvrir aussi notre s\u00e9lection de BOX JARDINAGE en <a target=\"_blank\" href=\"https:\/\/www.directpotager.fr\/c\/box-jardinage\" rel=\"noreferrer noopener\">cliquant ici<\/a><\/p>\n\n\n\n<p><\/p>\n\n\n\n<div class=\"wp-block-image\"><figure class=\"aligncenter size-full is-resized\"><a href=\"https:\/\/www.directpotager.fr\/c\/la-boutique-direct-potager-1\" target=\"_blank\" rel=\"noopener\"><img loading=\"lazy\" decoding=\"async\" src=\"https:\/\/www.directpotager.fr\/blog\/wp-content\/uploads\/2024\/06\/bannie\u0300re-boutique-Direct-Potager.jpg\" alt=\"\" class=\"wp-image-3743\" width=\"841\" height=\"104\" srcset=\"https:\/\/www.directpotager.fr\/blog\/wp-content\/uploads\/2024\/06\/bannie\u0300re-boutique-Direct-Potager.jpg 728w, https:\/\/www.directpotager.fr\/blog\/wp-content\/uploads\/2024\/06\/bannie\u0300re-boutique-Direct-Potager-300x37.jpg 300w, https:\/\/www.directpotager.fr\/blog\/wp-content\/uploads\/2024\/06\/bannie\u0300re-boutique-Direct-Potager-110x14.jpg 110w, https:\/\/www.directpotager.fr\/blog\/wp-content\/uploads\/2024\/06\/bannie\u0300re-boutique-Direct-Potager-420x52.jpg 420w\" sizes=\"auto, (max-width: 841px) 100vw, 841px\" \/><\/a><\/figure><\/div>\n\n\n\n<p><strong>LIRE AUSSI :<\/strong><\/p>\n\n\n\n<blockquote class=\"wp-block-quote is-layout-flow wp-block-quote-is-layout-flow\"><p><a href=\"https:\/\/www.directpotager.fr\/blog\/2024\/06\/20\/gerer-lirrigation-de-mon-potager-en-periode-de-secheresse\/\" target=\"_blank\" rel=\"noreferrer noopener\">G\u00e9rer l\u2019irrigation de mon potager en p\u00e9riode de s\u00e9cheresse<\/a><\/p><p><a href=\"https:\/\/www.directpotager.fr\/blog\/2019\/05\/08\/paillis-organiques-faciles-a-trouver\/\" target=\"_blank\" rel=\"noreferrer noopener\">Paillis organiques faciles \u00e0 trouver &amp; utile pour votre jardin<\/a><\/p><p><a href=\"https:\/\/fr.wikipedia.org\/wiki\/Eau_de_r%C3%A9tention#:~:text=L'eau%20de%20r%C3%A9tention%20comprend,'absorber%20(eau%20morte).\" target=\"_blank\" rel=\"noreferrer noopener\">Eau de r\u00e9tention<\/a><\/p><\/blockquote>\n","protected":false},"excerpt":{"rendered":"<p>Commandez toutes vos graines bio et reproductibles chez notre partenaire &#8220;Permacool&#8221; D\u00e9couvrez toutes les vari\u00e9t\u00e9s de graines bio potag\u00e8res, aromatiques et fleurs. Tous les petits producteurs fran\u00e7ais certifi\u00e9s Ecocert AB fournissent les graines. Ils s\u00e9lectionnent des vari\u00e9t\u00e9s anciennes, locales et reproductibles pour leurs taux de germination \u00e9lev\u00e9s et leurs int\u00e9r\u00eats gustatifs. Ces producteurs fran\u00e7ais, qui [&hellip;]<\/p>\n","protected":false},"author":1,"featured_media":0,"parent":0,"menu_order":0,"comment_status":"closed","ping_status":"closed","template":"","meta":{"footnotes":""},"class_list":["post-1576","page","type-page","status-publish","hentry"],"yoast_head":"<!-- This site is optimized with the Yoast SEO plugin v27.1.1 - https:\/\/yoast.com\/product\/yoast-seo-wordpress\/ -->\n<title>GRAINES BIO - LE BLOG<\/title>\n<meta name=\"description\" content=\"D\u00e9couvrez toutes les vari\u00e9t\u00e9s de graines bio potag\u00e8res, aromatiques et fleurs. Leurs semences bio sont certifi\u00e9es AB par l&#039;organisme Ecocert.\" \/>\n<meta name=\"robots\" content=\"index, follow, max-snippet:-1, max-image-preview:large, max-video-preview:-1\" \/>\n<link rel=\"canonical\" href=\"https:\/\/www.directpotager.fr\/blog\/graines-bio\/\" \/>\n<meta property=\"og:locale\" content=\"fr_FR\" \/>\n<meta property=\"og:type\" content=\"article\" \/>\n<meta property=\"og:title\" content=\"GRAINES BIO - LE BLOG\" \/>\n<meta property=\"og:description\" content=\"D\u00e9couvrez toutes les vari\u00e9t\u00e9s de graines bio potag\u00e8res, aromatiques et fleurs. Leurs semences bio sont certifi\u00e9es AB par l&#039;organisme Ecocert.\" \/>\n<meta property=\"og:url\" content=\"https:\/\/www.directpotager.fr\/blog\/graines-bio\/\" \/>\n<meta property=\"og:site_name\" content=\"LE BLOG\" \/>\n<meta property=\"article:publisher\" content=\"http:\/\/www.facebook.com\/directpotager\" \/>\n<meta property=\"article:modified_time\" content=\"2024-06-22T12:34:48+00:00\" \/>\n<meta property=\"og:image\" content=\"https:\/\/www.directpotager.fr\/blog\/wp-content\/uploads\/2021\/11\/logo-1.png\" \/>\n<meta name=\"twitter:card\" content=\"summary_large_image\" \/>\n<meta name=\"twitter:site\" content=\"@dpotager\" \/>\n<meta name=\"twitter:label1\" content=\"Est. reading time\" \/>\n\t<meta name=\"twitter:data1\" content=\"2 minutes\" \/>\n<!-- \/ Yoast SEO plugin. -->","yoast_head_json":{"title":"GRAINES BIO - LE BLOG","description":"D\u00e9couvrez toutes les vari\u00e9t\u00e9s de graines bio potag\u00e8res, aromatiques et fleurs. Leurs semences bio sont certifi\u00e9es AB par l'organisme Ecocert.","robots":{"index":"index","follow":"follow","max-snippet":"max-snippet:-1","max-image-preview":"max-image-preview:large","max-video-preview":"max-video-preview:-1"},"canonical":"https:\/\/www.directpotager.fr\/blog\/graines-bio\/","og_locale":"fr_FR","og_type":"article","og_title":"GRAINES BIO - LE BLOG","og_description":"D\u00e9couvrez toutes les vari\u00e9t\u00e9s de graines bio potag\u00e8res, aromatiques et fleurs. Leurs semences bio sont certifi\u00e9es AB par l'organisme Ecocert.","og_url":"https:\/\/www.directpotager.fr\/blog\/graines-bio\/","og_site_name":"LE BLOG","article_publisher":"http:\/\/www.facebook.com\/directpotager","article_modified_time":"2024-06-22T12:34:48+00:00","og_image":[{"url":"https:\/\/www.directpotager.fr\/blog\/wp-content\/uploads\/2021\/11\/logo-1.png","type":"","width":"","height":""}],"twitter_card":"summary_large_image","twitter_site":"@dpotager","twitter_misc":{"Est. reading time":"2 minutes"},"schema":{"@context":"https:\/\/schema.org","@graph":[{"@type":"WebPage","@id":"https:\/\/www.directpotager.fr\/blog\/graines-bio\/","url":"https:\/\/www.directpotager.fr\/blog\/graines-bio\/","name":"GRAINES BIO - LE BLOG","isPartOf":{"@id":"https:\/\/www.directpotager.fr\/blog\/#website"},"primaryImageOfPage":{"@id":"https:\/\/www.directpotager.fr\/blog\/graines-bio\/#primaryimage"},"image":{"@id":"https:\/\/www.directpotager.fr\/blog\/graines-bio\/#primaryimage"},"thumbnailUrl":"https:\/\/www.directpotager.fr\/blog\/wp-content\/uploads\/2021\/11\/logo-1.png","datePublished":"2021-11-25T17:50:42+00:00","dateModified":"2024-06-22T12:34:48+00:00","description":"D\u00e9couvrez toutes les vari\u00e9t\u00e9s de graines bio potag\u00e8res, aromatiques et fleurs. Leurs semences bio sont certifi\u00e9es AB par l'organisme Ecocert.","breadcrumb":{"@id":"https:\/\/www.directpotager.fr\/blog\/graines-bio\/#breadcrumb"},"inLanguage":"fr-FR","potentialAction":[{"@type":"ReadAction","target":["https:\/\/www.directpotager.fr\/blog\/graines-bio\/"]}]},{"@type":"ImageObject","inLanguage":"fr-FR","@id":"https:\/\/www.directpotager.fr\/blog\/graines-bio\/#primaryimage","url":"https:\/\/www.directpotager.fr\/blog\/wp-content\/uploads\/2021\/11\/logo-1.png","contentUrl":"https:\/\/www.directpotager.fr\/blog\/wp-content\/uploads\/2021\/11\/logo-1.png","width":150,"height":150},{"@type":"BreadcrumbList","@id":"https:\/\/www.directpotager.fr\/blog\/graines-bio\/#breadcrumb","itemListElement":[{"@type":"ListItem","position":1,"name":"Home","item":"https:\/\/www.directpotager.fr\/blog\/"},{"@type":"ListItem","position":2,"name":"GRAINES BIO"}]},{"@type":"WebSite","@id":"https:\/\/www.directpotager.fr\/blog\/#website","url":"https:\/\/www.directpotager.fr\/blog\/","name":"LE BLOG","description":"Direct Potager - Direct Producteur","publisher":{"@id":"https:\/\/www.directpotager.fr\/blog\/#organization"},"potentialAction":[{"@type":"SearchAction","target":{"@type":"EntryPoint","urlTemplate":"https:\/\/www.directpotager.fr\/blog\/?s={search_term_string}"},"query-input":{"@type":"PropertyValueSpecification","valueRequired":true,"valueName":"search_term_string"}}],"inLanguage":"fr-FR"},{"@type":"Organization","@id":"https:\/\/www.directpotager.fr\/blog\/#organization","name":"LE BLOG","url":"https:\/\/www.directpotager.fr\/blog\/","logo":{"@type":"ImageObject","inLanguage":"fr-FR","@id":"https:\/\/www.directpotager.fr\/blog\/#\/schema\/logo\/image\/","url":"https:\/\/www.directpotager.fr\/blog\/wp-content\/uploads\/2021\/11\/cropped-logo-baseline-v3-LEBLOG.png","contentUrl":"https:\/\/www.directpotager.fr\/blog\/wp-content\/uploads\/2021\/11\/cropped-logo-baseline-v3-LEBLOG.png","width":350,"height":113,"caption":"LE BLOG"},"image":{"@id":"https:\/\/www.directpotager.fr\/blog\/#\/schema\/logo\/image\/"},"sameAs":["http:\/\/www.facebook.com\/directpotager","https:\/\/x.com\/dpotager","https:\/\/www.instagram.com\/directpotager\/?hl=fr"]}]}},"_links":{"self":[{"href":"https:\/\/www.directpotager.fr\/blog\/wp-json\/wp\/v2\/pages\/1576","targetHints":{"allow":["GET"]}}],"collection":[{"href":"https:\/\/www.directpotager.fr\/blog\/wp-json\/wp\/v2\/pages"}],"about":[{"href":"https:\/\/www.directpotager.fr\/blog\/wp-json\/wp\/v2\/types\/page"}],"author":[{"embeddable":true,"href":"https:\/\/www.directpotager.fr\/blog\/wp-json\/wp\/v2\/users\/1"}],"replies":[{"embeddable":true,"href":"https:\/\/www.directpotager.fr\/blog\/wp-json\/wp\/v2\/comments?post=1576"}],"version-history":[{"count":9,"href":"https:\/\/www.directpotager.fr\/blog\/wp-json\/wp\/v2\/pages\/1576\/revisions"}],"predecessor-version":[{"id":3753,"href":"https:\/\/www.directpotager.fr\/blog\/wp-json\/wp\/v2\/pages\/1576\/revisions\/3753"}],"wp:attachment":[{"href":"https:\/\/www.directpotager.fr\/blog\/wp-json\/wp\/v2\/media?parent=1576"}],"curies":[{"name":"wp","href":"https:\/\/api.w.org\/{rel}","templated":true}]}}